{"id":123,"date":"2013-11-27T20:18:13","date_gmt":"2013-11-27T18:18:13","guid":{"rendered":"http:\/\/5638626.swh.strato-hosting.eu\/wordpress_itheina\/?page_id=123"},"modified":"2020-11-07T16:42:26","modified_gmt":"2020-11-07T15:42:26","slug":"geschichte-der-nz-herbertingen","status":"publish","type":"page","link":"https:\/\/it-heina.de\/?page_id=123","title":{"rendered":"<span class=\"caps\">NZ<\/span> Herbertingen und die&nbsp;<span class=\"caps\">OHA<\/span>"},"content":{"rendered":"<!-- wp:group--><div class=\"gridContainer\">\n<div class=\"wp-block-group\"><div class=\"wp-block-group__inner-container\"><!-- wp:paragraph {\"textColor\":\"black\",\"fontSize\":\"normal\"}--><div class=\"gridContainer\">\n<p class=\"has-black-color has-text-color has-normal-font-size\">Jahre 1956 hatten sich die \u201cBauzemeck\u201d, die \u201cWeckazwinger\u201d und die \u201cL\u00e4tschvere\u201d, als die Z\u00fcnfte aus&nbsp; Ostrach, Herbertingen, und Altshausen zur \u201cOHA-Narrenbruderschaft\u201d zusam\u00admen\u00adge\u00adschlos\u00adsen. Am 14. Dezember 1968 schloss sich die Br\u00e4utelzunft Scheer als vierte Zunft&nbsp;an.<\/p>\n<\/div><!-- \/wp:paragraph-->\n\n<!-- wp:paragraph {\"textColor\":\"black\",\"fontSize\":\"normal\"}--><div class=\"gridContainer\">\n<p class=\"has-black-color has-text-color has-normal-font-size\">1969 gr\u00fcndeten die \u201c<span class=\"caps\">OHA<\/span>\u201d und die \u201cGabelz\u00fcnfte\u201ddie \u201cVereinigung freier ober\u00adschw\u00e4\u00adbi\u00adscher Narrenz\u00fcnfte\u201d den so genannten \u201c<span class=\"caps\">RING<\/span>\u201d.<\/p>\n<\/div><!-- \/wp:paragraph-->\n\n<!-- wp:paragraph {\"textColor\":\"black\",\"fontSize\":\"normal\"}--><div class=\"gridContainer\">\n<p class=\"has-black-color has-text-color has-normal-font-size\">Seit der Gr\u00fcndung der <span class=\"caps\">OHA<\/span>, die ohne jegliche Statuten und Satzungen auskommt, weil nur das Narrenwort gilt, treffen sich die Zunftmeister und ihr Gefolge am Dreik\u00f6nigstag, der als Symbol in den Aufbruch in die hohe Zeit der ober\u00adschw\u00e4\u00adbi\u00adschen Fasnet gilt, zum so genannten \u201cDreik\u00f6nigstreffen\u201d. Selbstverst\u00e4ndlich im H\u00e4s, begie\u00dfen sie dabei mit dem obli\u00adga\u00adto\u00adri\u00adschen \u201cDreik\u00f6nigswasser\u201d das Ereignis und best\u00e4rken sich gegen\u00adsei\u00adtig mit \u201cgeist\u00adrei\u00adchem \u201d Gerede und guten Vors\u00e4tzen f\u00fcr die kommende Fasnet.<\/p>\n<\/div><!-- \/wp:paragraph-->\n\n<!-- wp:paragraph {\"textColor\":\"black\",\"fontSize\":\"normal\"}--><div class=\"gridContainer\">\n<p class=\"has-black-color has-text-color has-normal-font-size\">Die <span class=\"caps\">OHA<\/span> Zunftmeister der ersten Stunde:<\/p>\n<\/div><!-- \/wp:paragraph--><\/div><\/div>\n<\/div><!-- \/wp:group-->\n\n<!-- wp:image {\"align\":\"center\",\"id\":2431,\"width\":310,\"height\":254,\"sizeSlug\":\"full\"}--><div class=\"gridContainer\">\n<div class=\"wp-block-image\"><figure class=\"aligncenter size-full is-resized\"><img loading=\"lazy\" decoding=\"async\" src=\"https:\/\/it-heina.de\/wp-content\/uploads\/2020\/11\/OHA_ZUNFTMEISTER_ALT.png\" alt class=\"wp-image-2431\" width=\"310\" height=\"254\" srcset=\"https:\/\/it-heina.de\/wp-content\/uploads\/2020\/11\/OHA_ZUNFTMEISTER_ALT.png 310w, https:\/\/it-heina.de\/wp-content\/uploads\/2020\/11\/OHA_ZUNFTMEISTER_ALT-300x246.png 300w\" sizes=\"auto, (max-width: 310px) 100vw, 310px\"><\/figure><\/div>\n<\/div><!-- \/wp:image-->\n\n<!-- wp:paragraph--><div class=\"gridContainer\">\n<p><\/p>\n<\/div><!-- \/wp:paragraph-->","protected":false},"excerpt":{"rendered":"<p>Jahre 1956 hatten sich die \u201cBauzemeck\u201d, die \u201cWeckazwinger\u201d und die \u201cL\u00e4tschvere\u201d, als die Z\u00fcnfte aus&nbsp; Ostrach, Herbertingen, und Altshausen zur \u201cOHA-Narrenbruderschaft\u201d zusam\u00admen\u00adge\u00adschlos\u00adsen. Am 14. Dezember 1968 schloss sich die Br\u00e4utelzunft Scheer als vierte Zunft&nbsp;an. 1969 gr\u00fcndeten die \u201c<span class=\"caps\">OHA<\/span>\u201d und die \u201cGabelz\u00fcnfte\u201ddie \u201cVereinigung freier ober\u00adschw\u00e4\u00adbi\u00adscher Narrenz\u00fcnfte\u201d den so genannten \u201c<span class=\"caps\">RING<\/span>\u201d. Seit der Gr\u00fcndung der <span class=\"caps\">OHA<\/span>,&nbsp;die&nbsp;\u2026<\/p>\n","protected":false},"author":1,"featured_media":0,"parent":0,"menu_order":0,"comment_status":"closed","ping_status":"closed","template":"","meta":{"wp_typography_post_enhancements_disabled":false,"footnotes":""},"class_list":["post-123","page","type-page","status-publish","hentry"],"_links":{"self":[{"href":"https:\/\/it-heina.de\/index.php?rest_route=\/wp\/v2\/pages\/123","targetHints":{"allow":["GET"]}}],"collection":[{"href":"https:\/\/it-heina.de\/index.php?rest_route=\/wp\/v2\/pages"}],"about":[{"href":"https:\/\/it-heina.de\/index.php?rest_route=\/wp\/v2\/types\/page"}],"author":[{"embeddable":true,"href":"https:\/\/it-heina.de\/index.php?rest_route=\/wp\/v2\/users\/1"}],"replies":[{"embeddable":true,"href":"https:\/\/it-heina.de\/index.php?rest_route=%2Fwp%2Fv2%2Fcomments&post=123"}],"version-history":[{"count":11,"href":"https:\/\/it-heina.de\/index.php?rest_route=\/wp\/v2\/pages\/123\/revisions"}],"predecessor-version":[{"id":2432,"href":"https:\/\/it-heina.de\/index.php?rest_route=\/wp\/v2\/pages\/123\/revisions\/2432"}],"wp:attachment":[{"href":"https:\/\/it-heina.de\/index.php?rest_route=%2Fwp%2Fv2%2Fmedia&parent=123"}],"curies":[{"name":"wp","href":"https:\/\/api.w.org\/{rel}","templated":true}]}}