{"id":156,"date":"2013-11-27T20:22:48","date_gmt":"2013-11-27T18:22:48","guid":{"rendered":"http:\/\/5638626.swh.strato-hosting.eu\/wordpress_itheina\/?page_id=156"},"modified":"2020-11-07T17:33:29","modified_gmt":"2020-11-07T16:33:29","slug":"dorfumzug","status":"publish","type":"page","link":"https:\/\/it-heina.de\/?page_id=156","title":{"rendered":"Ortsumzug"},"content":{"rendered":"<p><span style=\"color: #000000;\">Jedes Jahr am Fasnetsdienstag findet um 14:00 Uhr unser Ortsumzug statt. Startpunkt ist die mittlere M\u00fchle am Kr\u00e4henbach. Alle Herbertinger&nbsp;Maskengruppen, Gemeindemusik, Spielmannszug und Kondemusik&nbsp;sowie Gruppen der Herbertinger&nbsp;B\u00fcrger, u.a. auch Gruppen der M\u00e4schkerle Show machen am Umzug mit und stellen eine sch\u00f6nen bunten Umzug zusammen.<\/span><\/p>\n<p><span style=\"color: #000000;\">Im Anschlu\u00df an den Ortsumzug ziehen Gruppen von Schleifern durch die Lokale und tragen Ihre Schleifer vor. Hierbei handelt es sich in Reimform vor\u00adge\u00adtra\u00adge\u00adne Missgeschicke der Herbertinger B\u00fcrger die&nbsp;das Jahr \u00fcber passiert sind.<\/span><\/p>\n","protected":false},"excerpt":{"rendered":"<p>Jedes Jahr am Fasnetsdienstag findet um 14:00 Uhr unser Ortsumzug statt. Startpunkt ist die mittlere M\u00fchle am Kr\u00e4henbach. Alle Herbertinger&nbsp;Maskengruppen, Gemeindemusik, Spielmannszug und Kondemusik&nbsp;sowie Gruppen der Herbertinger&nbsp;B\u00fcrger, u.a. auch Gruppen der M\u00e4schkerle Show machen am Umzug mit und stellen eine sch\u00f6nen bunten Umzug zusammen. Im Anschlu\u00df an den Ortsumzug ziehen Gruppen von Schleifern durch&nbsp;die&nbsp;\u2026<\/p>\n","protected":false},"author":1,"featured_media":0,"parent":0,"menu_order":0,"comment_status":"closed","ping_status":"closed","template":"","meta":{"wp_typography_post_enhancements_disabled":false,"footnotes":""},"class_list":["post-156","page","type-page","status-publish","hentry"],"_links":{"self":[{"href":"https:\/\/it-heina.de\/index.php?rest_route=\/wp\/v2\/pages\/156","targetHints":{"allow":["GET"]}}],"collection":[{"href":"https:\/\/it-heina.de\/index.php?rest_route=\/wp\/v2\/pages"}],"about":[{"href":"https:\/\/it-heina.de\/index.php?rest_route=\/wp\/v2\/types\/page"}],"author":[{"embeddable":true,"href":"https:\/\/it-heina.de\/index.php?rest_route=\/wp\/v2\/users\/1"}],"replies":[{"embeddable":true,"href":"https:\/\/it-heina.de\/index.php?rest_route=%2Fwp%2Fv2%2Fcomments&post=156"}],"version-history":[{"count":8,"href":"https:\/\/it-heina.de\/index.php?rest_route=\/wp\/v2\/pages\/156\/revisions"}],"predecessor-version":[{"id":2453,"href":"https:\/\/it-heina.de\/index.php?rest_route=\/wp\/v2\/pages\/156\/revisions\/2453"}],"wp:attachment":[{"href":"https:\/\/it-heina.de\/index.php?rest_route=%2Fwp%2Fv2%2Fmedia&parent=156"}],"curies":[{"name":"wp","href":"https:\/\/api.w.org\/{rel}","templated":true}]}}