{"id":159,"date":"2013-11-27T20:22:57","date_gmt":"2013-11-27T18:22:57","guid":{"rendered":"http:\/\/5638626.swh.strato-hosting.eu\/wordpress_itheina\/?page_id=159"},"modified":"2021-01-25T17:36:10","modified_gmt":"2021-01-25T16:36:10","slug":"kondemusik","status":"publish","type":"page","link":"https:\/\/it-heina.de\/?page_id=159","title":{"rendered":"Kondemusik"},"content":{"rendered":"<!-- wp:paragraph {\"align\":\"center\",\"textColor\":\"black\",\"fontSize\":\"medium\"}--><div class=\"gridContainer\">\n<p class=\"has-text-align-center has-black-color has-text-color has-medium-font-size\"><span style=\"font-size: 16px; color: #000000;\">Die musi\u00adka\u00adli\u00adsche Abteilung der Narrenzunft.<\/span><\/p>\n<\/div><!-- \/wp:paragraph-->\n\n<!-- wp:paragraph {\"align\":\"center\",\"textColor\":\"black\",\"fontSize\":\"medium\"}--><div class=\"gridContainer\">\n<p class=\"has-text-align-center has-black-color has-text-color has-medium-font-size\"><span style=\"font-size: 16px; color: #000000;\">Viele krumme T\u00f6ne sorgen f\u00fcr den n\u00e4r\u00adri\u00adschen Klang in der Fasnetszeit.<\/span><\/p>\n<\/div><!-- \/wp:paragraph-->\n\n<!-- wp:paragraph {\"align\":\"center\",\"textColor\":\"black\",\"fontSize\":\"medium\"}--><div class=\"gridContainer\">\n<p class=\"has-text-align-center has-black-color has-text-color has-medium-font-size\"><span style=\"font-size: 16px; color: #000000;\">Zu h\u00f6ren ist die Kondemusik am Rosenmontag und am Fasnetsdienstag in unserer Hausfasnet.<\/span><\/p>\n<\/div><!-- \/wp:paragraph-->\n\n<!-- wp:paragraph {\"align\":\"center\",\"textColor\":\"black\",\"fontSize\":\"medium\"}--><div class=\"gridContainer\">\n<p class=\"has-text-align-center has-black-color has-text-color has-medium-font-size\"><span style=\"font-size: 16px; color: #000000;\">Doch auch schon die Umz\u00fcge davor sind einige Konde mit dabei und versorgen die Narren mit allerlei Leckereien.<\/span><\/p>\n<\/div><!-- \/wp:paragraph-->\n\n<!-- wp:paragraph {\"align\":\"center\",\"textColor\":\"black\",\"fontSize\":\"medium\"}--><div class=\"gridContainer\">\n<p class=\"has-text-align-center has-black-color has-text-color has-medium-font-size\"><span style=\"font-size: 16px; color: #000000;\">Hier erfahren Sie mehr \u00fcber die Kondemusik&nbsp;<\/span><\/p>\n<\/div><!-- \/wp:paragraph-->\n\n<!-- wp:paragraph {\"align\":\"center\",\"textColor\":\"black\",\"fontSize\":\"medium\"}--><div class=\"gridContainer\">\n<p class=\"has-text-align-center has-black-color has-text-color has-medium-font-size\"><a rel=\"noreferrer noopener\" href=\"http:\/\/www.kondemusik.de\" target=\"_blank\"><span style=\"font-size: 16px; color: #000000;\">www.<span style=\"font-family: tahoma,geneva,sans-serif;\">kondemusik.de<\/span><\/span><\/a><\/p>\n<\/div><!-- \/wp:paragraph-->\n\n<!-- wp:image {\"align\":\"center\",\"id\":2805,\"sizeSlug\":\"medium\",\"linkDestination\":\"none\"}--><div class=\"gridContainer\">\n<div class=\"wp-block-image\"><figure class=\"aligncenter size-medium\"><a href=\"https:\/\/kondemusik.de\" target=\"_blank\" rel=\"noopener\"><img loading=\"lazy\" decoding=\"async\" width=\"280\" height=\"300\" src=\"https:\/\/it-heina.de\/wp-content\/uploads\/2021\/01\/Banner-280x300.png\" alt class=\"wp-image-2805\" srcset=\"https:\/\/it-heina.de\/wp-content\/uploads\/2021\/01\/Banner-280x300.png 280w, https:\/\/it-heina.de\/wp-content\/uploads\/2021\/01\/Banner-955x1024.png 955w, https:\/\/it-heina.de\/wp-content\/uploads\/2021\/01\/Banner-768x824.png 768w, https:\/\/it-heina.de\/wp-content\/uploads\/2021\/01\/Banner-1432x1536.png 1432w, https:\/\/it-heina.de\/wp-content\/uploads\/2021\/01\/Banner-1909x2048.png 1909w, https:\/\/it-heina.de\/wp-content\/uploads\/2021\/01\/Banner-1232x1321.png 1232w\" sizes=\"auto, (max-width: 280px) 100vw, 280px\"><\/a><\/figure><\/div>\n<\/div><!-- \/wp:image-->\n\n<!-- wp:paragraph {\"textColor\":\"black\",\"fontSize\":\"medium\"}--><div class=\"gridContainer\">\n<p class=\"has-black-color has-text-color has-medium-font-size\"><span style=\"font-size: 16px; color: #000000;\"><span style=\"font-family: tahoma,geneva,sans-serif;\">Viel Spass!<\/span><\/span><\/p>\n<\/div><!-- \/wp:paragraph-->","protected":false},"excerpt":{"rendered":"<p>Die musi\u00adka\u00adli\u00adsche Abteilung der Narrenzunft. Viele krumme T\u00f6ne sorgen f\u00fcr den n\u00e4r\u00adri\u00adschen Klang in der Fasnetszeit. Zu h\u00f6ren ist die Kondemusik am Rosenmontag und am Fasnetsdienstag in unserer Hausfasnet. Doch auch schon die Umz\u00fcge davor sind einige Konde mit dabei und versorgen die Narren mit allerlei Leckereien. Hier erfahren Sie mehr \u00fcber die Kondemusik&nbsp; www.kondemusik.de&nbsp;\u2026<\/p>\n","protected":false},"author":1,"featured_media":0,"parent":0,"menu_order":0,"comment_status":"closed","ping_status":"closed","template":"","meta":{"wp_typography_post_enhancements_disabled":false,"footnotes":""},"class_list":["post-159","page","type-page","status-publish","hentry"],"_links":{"self":[{"href":"https:\/\/it-heina.de\/index.php?rest_route=\/wp\/v2\/pages\/159","targetHints":{"allow":["GET"]}}],"collection":[{"href":"https:\/\/it-heina.de\/index.php?rest_route=\/wp\/v2\/pages"}],"about":[{"href":"https:\/\/it-heina.de\/index.php?rest_route=\/wp\/v2\/types\/page"}],"author":[{"embeddable":true,"href":"https:\/\/it-heina.de\/index.php?rest_route=\/wp\/v2\/users\/1"}],"replies":[{"embeddable":true,"href":"https:\/\/it-heina.de\/index.php?rest_route=%2Fwp%2Fv2%2Fcomments&post=159"}],"version-history":[{"count":8,"href":"https:\/\/it-heina.de\/index.php?rest_route=\/wp\/v2\/pages\/159\/revisions"}],"predecessor-version":[{"id":2808,"href":"https:\/\/it-heina.de\/index.php?rest_route=\/wp\/v2\/pages\/159\/revisions\/2808"}],"wp:attachment":[{"href":"https:\/\/it-heina.de\/index.php?rest_route=%2Fwp%2Fv2%2Fmedia&parent=159"}],"curies":[{"name":"wp","href":"https:\/\/api.w.org\/{rel}","templated":true}]}}