{"id":1627,"date":"2019-09-10T19:25:40","date_gmt":"2019-09-10T17:25:40","guid":{"rendered":"http:\/\/it-heina.de\/?page_id=1627"},"modified":"2020-11-07T16:39:06","modified_gmt":"2020-11-07T15:39:06","slug":"die-zunftmeister-der-narrenzunft","status":"publish","type":"page","link":"https:\/\/it-heina.de\/?page_id=1627","title":{"rendered":"Die Zunftmeister der Narrenzunft"},"content":{"rendered":"<!-- wp:paragraph {\"textColor\":\"black\",\"fontSize\":\"medium\"}--><div class=\"gridContainer\">\n<p class=\"has-black-color has-text-color has-medium-font-size\">Seit der Gr\u00fcndung der Narrenzunft Herbertingen e.V. k\u00f6nnen wir auf sechs Zunftmeister zur\u00fcckblicken:<\/p>\n<\/div><!-- \/wp:paragraph-->\n\n<!-- wp:paragraph {\"textColor\":\"black\",\"fontSize\":\"medium\"}--><div class=\"gridContainer\">\n<p class=\"has-black-color has-text-color has-medium-font-size\">1952 \u2014 1958: Dr. Vet. Alois Fischer<\/p>\n<\/div><!-- \/wp:paragraph-->\n\n<!-- wp:paragraph {\"textColor\":\"black\",\"fontSize\":\"medium\"}--><div class=\"gridContainer\">\n<p class=\"has-black-color has-text-color has-medium-font-size\">1958 \u2014 1962: Ludwig Bulander<\/p>\n<\/div><!-- \/wp:paragraph-->\n\n<!-- wp:paragraph {\"textColor\":\"black\",\"fontSize\":\"medium\"}--><div class=\"gridContainer\">\n<p class=\"has-black-color has-text-color has-medium-font-size\">1962 \u2014 1992: Konrad Schulz<\/p>\n<\/div><!-- \/wp:paragraph-->\n\n<!-- wp:paragraph {\"textColor\":\"black\",\"fontSize\":\"medium\"}--><div class=\"gridContainer\">\n<p class=\"has-black-color has-text-color has-medium-font-size\">1992 \u2014 2004: Raimund Bulander<\/p>\n<\/div><!-- \/wp:paragraph-->\n\n<!-- wp:paragraph {\"textColor\":\"black\",\"fontSize\":\"medium\"}--><div class=\"gridContainer\">\n<p class=\"has-black-color has-text-color has-medium-font-size\">2004 \u2014 2019: J\u00f6rg Ritter<\/p>\n<\/div><!-- \/wp:paragraph-->\n\n<!-- wp:paragraph {\"textColor\":\"black\",\"fontSize\":\"medium\"}--><div class=\"gridContainer\">\n<p class=\"has-black-color has-text-color has-medium-font-size\">seit 2019:&nbsp; &nbsp; &nbsp; &nbsp;Stefan Schnitzer<\/p>\n<\/div><!-- \/wp:paragraph-->","protected":false},"excerpt":{"rendered":"<p>Seit der Gr\u00fcndung der Narrenzunft Herbertingen e.V. k\u00f6nnen wir auf sechs Zunftmeister zur\u00fcck\u00adbli\u00adcken: 1952 \u2014 1958: Dr. Vet. Alois Fischer 1958 \u2014 1962: Ludwig Bulander 1962 \u2014 1992: Konrad Schulz 1992 \u2014 2004: Raimund Bulander 2004 \u2014 2019: J\u00f6rg Ritter seit 2019:&nbsp; &nbsp; &nbsp; &nbsp;Stefan Schnitzer<\/p>\n","protected":false},"author":1,"featured_media":0,"parent":0,"menu_order":0,"comment_status":"closed","ping_status":"closed","template":"","meta":{"wp_typography_post_enhancements_disabled":false,"footnotes":""},"class_list":["post-1627","page","type-page","status-publish","hentry"],"_links":{"self":[{"href":"https:\/\/it-heina.de\/index.php?rest_route=\/wp\/v2\/pages\/1627","targetHints":{"allow":["GET"]}}],"collection":[{"href":"https:\/\/it-heina.de\/index.php?rest_route=\/wp\/v2\/pages"}],"about":[{"href":"https:\/\/it-heina.de\/index.php?rest_route=\/wp\/v2\/types\/page"}],"author":[{"embeddable":true,"href":"https:\/\/it-heina.de\/index.php?rest_route=\/wp\/v2\/users\/1"}],"replies":[{"embeddable":true,"href":"https:\/\/it-heina.de\/index.php?rest_route=%2Fwp%2Fv2%2Fcomments&post=1627"}],"version-history":[{"count":4,"href":"https:\/\/it-heina.de\/index.php?rest_route=\/wp\/v2\/pages\/1627\/revisions"}],"predecessor-version":[{"id":2430,"href":"https:\/\/it-heina.de\/index.php?rest_route=\/wp\/v2\/pages\/1627\/revisions\/2430"}],"wp:attachment":[{"href":"https:\/\/it-heina.de\/index.php?rest_route=%2Fwp%2Fv2%2Fmedia&parent=1627"}],"curies":[{"name":"wp","href":"https:\/\/api.w.org\/{rel}","templated":true}]}}