{"id":3913,"date":"2023-12-28T13:33:28","date_gmt":"2023-12-28T12:33:28","guid":{"rendered":"https:\/\/it-heina.de\/?page_id=3913"},"modified":"2023-12-28T13:34:00","modified_gmt":"2023-12-28T12:34:00","slug":"immaterielles-kulturerbe-der-unesco","status":"publish","type":"page","link":"https:\/\/it-heina.de\/?page_id=3913","title":{"rendered":"Immaterielles Kulturerbe der <span class=\"caps\">UNESCO<\/span>"},"content":{"rendered":"<!-- wp:image {\"id\":3917,\"width\":\"504px\",\"height\":\"auto\",\"sizeSlug\":\"full\",\"linkDestination\":\"media\"}--><div class=\"gridContainer\">\n<figure class=\"wp-block-image size-full is-resized\"><a href=\"https:\/\/it-heina.de\/wp-content\/uploads\/2023\/12\/immaterielles-kulturerbe-logo-weiss-2.png\"><img loading=\"lazy\" decoding=\"async\" width=\"600\" height=\"270\" src=\"https:\/\/it-heina.de\/wp-content\/uploads\/2023\/12\/immaterielles-kulturerbe-logo-weiss-2.png\" alt class=\"wp-image-3917\" style=\"width:504px;height:auto\" srcset=\"https:\/\/it-heina.de\/wp-content\/uploads\/2023\/12\/immaterielles-kulturerbe-logo-weiss-2.png 600w, https:\/\/it-heina.de\/wp-content\/uploads\/2023\/12\/immaterielles-kulturerbe-logo-weiss-2-300x135.png 300w\" sizes=\"auto, (max-width: 600px) 100vw, 600px\"><\/a><\/figure>\n<\/div><!-- \/wp:image-->\n\n<!-- wp:paragraph {\"style\":{\"elements\":{\"link\":{\"color\":{\"text\":\"var:preset|color|black\"}}}},\"textColor\":\"black\",\"fontSize\":\"medium\"}--><div class=\"gridContainer\">\n<p class=\"has-black-color has-text-color has-link-color has-medium-font-size\">Auch wir d\u00fcrfen nun dieses Logo benutzen!<br><br><br>Seit 27.12.2023 sind wir im Bundesverzeichnis der UNESCO-Welterbeliste auf\u00adge\u00adf\u00fchrt.<br><br>Um dieses Logo benutzen zu d\u00fcrfen, bedarf es strenger Kriterien, so ist es unter anderem wichtig, dass die Fasnet von Dreik\u00f6nig bis Aschermittwoch geht und nicht dar\u00fcber hinaus. <br>Ebenso gilt es Traditionen zu bewahren, aber auch diese wei\u00adter\u00adzu\u00adent\u00adwi\u00adckeln und ins Heute zu \u00fcber\u00adset\u00adzen.<br><br>Wir freuen uns und sind uns unserer Verantwortung bewusst. <span class=\"caps\">IT<\/span> <span class=\"caps\">HEINA<\/span> \u2014 s\u00b4geit a Fasnet!<\/p>\n<\/div><!-- \/wp:paragraph-->","protected":false},"excerpt":{"rendered":"<p>Auch wir d\u00fcrfen nun dieses Logo benutzen! Seit 27.12.2023 sind wir im Bundesverzeichnis der UNESCO-Welterbeliste auf\u00adge\u00adf\u00fchrt. Um dieses Logo benutzen zu d\u00fcrfen, bedarf es strenger Kriterien, so ist es unter anderem wichtig, dass die Fasnet von Dreik\u00f6nig bis Aschermittwoch geht und nicht dar\u00fcber hinaus. Ebenso gilt es Traditionen zu bewahren, aber auch diese wei\u00adter\u00adzu\u00adent\u00adwi\u00adckeln&nbsp;und&nbsp;\u2026<\/p>\n","protected":false},"author":1,"featured_media":0,"parent":0,"menu_order":0,"comment_status":"closed","ping_status":"closed","template":"","meta":{"wp_typography_post_enhancements_disabled":false,"footnotes":""},"class_list":["post-3913","page","type-page","status-publish","hentry"],"_links":{"self":[{"href":"https:\/\/it-heina.de\/index.php?rest_route=\/wp\/v2\/pages\/3913","targetHints":{"allow":["GET"]}}],"collection":[{"href":"https:\/\/it-heina.de\/index.php?rest_route=\/wp\/v2\/pages"}],"about":[{"href":"https:\/\/it-heina.de\/index.php?rest_route=\/wp\/v2\/types\/page"}],"author":[{"embeddable":true,"href":"https:\/\/it-heina.de\/index.php?rest_route=\/wp\/v2\/users\/1"}],"replies":[{"embeddable":true,"href":"https:\/\/it-heina.de\/index.php?rest_route=%2Fwp%2Fv2%2Fcomments&post=3913"}],"version-history":[{"count":2,"href":"https:\/\/it-heina.de\/index.php?rest_route=\/wp\/v2\/pages\/3913\/revisions"}],"predecessor-version":[{"id":3920,"href":"https:\/\/it-heina.de\/index.php?rest_route=\/wp\/v2\/pages\/3913\/revisions\/3920"}],"wp:attachment":[{"href":"https:\/\/it-heina.de\/index.php?rest_route=%2Fwp%2Fv2%2Fmedia&parent=3913"}],"curies":[{"name":"wp","href":"https:\/\/api.w.org\/{rel}","templated":true}]}}