{"id":4,"date":"2013-11-22T18:44:19","date_gmt":"2013-11-22T16:44:19","guid":{"rendered":"http:\/\/5638626.swh.strato-hosting.eu\/wordpress_itheina\/?page_id=4"},"modified":"2021-02-18T10:06:17","modified_gmt":"2021-02-18T09:06:17","slug":"masken","status":"publish","type":"page","link":"https:\/\/it-heina.de\/?page_id=4","title":{"rendered":"Masken"},"content":{"rendered":"<!-- wp:paragraph {\"align\":\"center\",\"textColor\":\"black\",\"fontSize\":\"medium\"}--><div class=\"gridContainer\">\n<p class=\"has-text-align-center has-black-color has-text-color has-medium-font-size\"><a href=\"https:\/\/it-heina.de\/?page_id=46\" data-type=\"page\" data-id=\"46\">Zunftbr\u00fcder<\/a><br><br><a href=\"https:\/\/it-heina.de\/?page_id=58\" data-type=\"page\" data-id=\"58\">Weckenzwinger<\/a><br><br><a href=\"https:\/\/it-heina.de\/?page_id=55\" data-type=\"page\" data-id=\"55\">Strohbutz<\/a><br><br><a href=\"https:\/\/it-heina.de\/?page_id=43\" data-type=\"page\" data-id=\"43\">Schr\u00e4ttele<\/a><br><br><a href=\"https:\/\/it-heina.de\/?page_id=647\" data-type=\"page\" data-id=\"647\">Feldmauser und Gaushirt<\/a><br><br><a href=\"https:\/\/it-heina.de\/?page_id=52\" data-type=\"page\" data-id=\"52\">B\u00fcttel<\/a><\/p>\n<\/div><!-- \/wp:paragraph-->","protected":false},"excerpt":{"rendered":"<p>Zunftbr\u00fcder Weckenzwinger Strohbutz Schr\u00e4ttele Feldmauser und Gaushirt B\u00fcttel<\/p>\n","protected":false},"author":1,"featured_media":0,"parent":0,"menu_order":0,"comment_status":"closed","ping_status":"open","template":"","meta":{"wp_typography_post_enhancements_disabled":false,"footnotes":""},"class_list":["post-4","page","type-page","status-publish","hentry"],"_links":{"self":[{"href":"https:\/\/it-heina.de\/index.php?rest_route=\/wp\/v2\/pages\/4","targetHints":{"allow":["GET"]}}],"collection":[{"href":"https:\/\/it-heina.de\/index.php?rest_route=\/wp\/v2\/pages"}],"about":[{"href":"https:\/\/it-heina.de\/index.php?rest_route=\/wp\/v2\/types\/page"}],"author":[{"embeddable":true,"href":"https:\/\/it-heina.de\/index.php?rest_route=\/wp\/v2\/users\/1"}],"replies":[{"embeddable":true,"href":"https:\/\/it-heina.de\/index.php?rest_route=%2Fwp%2Fv2%2Fcomments&post=4"}],"version-history":[{"count":2,"href":"https:\/\/it-heina.de\/index.php?rest_route=\/wp\/v2\/pages\/4\/revisions"}],"predecessor-version":[{"id":3071,"href":"https:\/\/it-heina.de\/index.php?rest_route=\/wp\/v2\/pages\/4\/revisions\/3071"}],"wp:attachment":[{"href":"https:\/\/it-heina.de\/index.php?rest_route=%2Fwp%2Fv2%2Fmedia&parent=4"}],"curies":[{"name":"wp","href":"https:\/\/api.w.org\/{rel}","templated":true}]}}