{"id":43,"date":"2013-11-24T15:30:56","date_gmt":"2013-11-24T13:30:56","guid":{"rendered":"http:\/\/5638626.swh.strato-hosting.eu\/wordpress_itheina\/?page_id=43"},"modified":"2021-02-18T09:38:16","modified_gmt":"2021-02-18T08:38:16","slug":"schraettele","status":"publish","type":"page","link":"https:\/\/it-heina.de\/?page_id=43","title":{"rendered":"Schr\u00e4ttele"},"content":{"rendered":"<div align=\"center\">\n<div id=\"attachment_33\" style=\"width: 411px\" class=\"wp-caption alignleft\"><a href=\"https:\/\/it-heina.de\/wp-content\/uploads\/2013\/11\/HerbUmzug06.jpg\"><img loading=\"lazy\" decoding=\"async\" aria-describedby=\"caption-attachment-33\" class=\" wp-image-33\" src=\"https:\/\/it-heina.de\/wp-content\/uploads\/2013\/11\/HerbUmzug06-1024x564.jpg\" alt width=\"401\" height=\"221\"><\/a><p id=\"caption-attachment-33\" class=\"wp-caption-text\">Schr\u00e4ttele<\/p><\/div>\n<p style=\"text-align: left;\">\n<\/p><p><span style=\"color: #000000;\">Das Schr\u00e4ttele geht auf zwei \u00fcber\u00adlie\u00adfer\u00adte Geschichten zur\u00fcck:<\/span><\/p>\n<p style=\"text-align: left;\"><span style=\"color: #000000;\">Eine Herbertinger Magd musste jede Nacht als Schr\u00e4ttele wandern. Als der Bauer fest\u00adstell\u00adte, dass die Magd jede Nacht das Haus verlie\u00df, stellte er sie zur Rede. Nach langem Z\u00f6gern gestand das M\u00e4dchen, dass sie die Wanderungen machen m\u00fcsse.&nbsp;Als der Bauer sie nach einer M\u00f6glichkeit fragte ihr zu helfen, sagte sie, die einzige M\u00f6glichkeit w\u00e4re, wenn sie im Haus das zer\u00adbre\u00adchen d\u00fcrfe, was sie wolle. Als der Bauer ein\u00adwil\u00adlig\u00adte, war am n\u00e4chsten Morgen sein liebstes Tier, der Hund, verendet. Die Magd aber war&nbsp;frei.<\/span><\/p>\n<p style=\"text-align: left;\"><span style=\"color: #000000;\">Eine andere Magd hatte von ihrer Mutter das Schr\u00e4ttelegehen geerbt. Ihre Seele musste in Gestalt einer wei\u00dfen Maus wandern und etwas erdr\u00fccken. Der Bauer, der Magd auf die Schliche gekommen, ver\u00adsperr\u00adte der Maus den Weg in seinen Stall. Die Magd war am n\u00e4chsten Morgen ganz zer\u00adschun\u00adden, da sie in der Nacht als Maus eine Eiche gedr\u00fcckt hatte, die im Hof lag. Als der Bauer sie mit der Geschichte kon\u00adfron\u00adtier\u00adte, ent\u00adschul\u00addig\u00adte sich die Magd und gestand, ein Schr\u00e4ttele zu sein. Der Bauer erlaubte ihr, dass sie sein sch\u00f6nstes Ross erdr\u00fccken d\u00fcrfe. Von dem Zeitpunkt an war die Magd&nbsp;frei.<\/span><\/p>\n<p style=\"text-align: left;\"><span style=\"color: #000000;\">Das \u201eSchr\u00e4ttele\u201c zeigt das Gesicht eines alten, grie\u00df\u00adgr\u00e4\u00admi\u00adgen Weibleins. Das H\u00e4s besteht aus einem Rock mit Sch\u00fcrze, einer Bluse und einem geflick\u00adten Kopftuch. Das Schr\u00e4ttele tr\u00e4gt Holzschuhe an den F\u00fc\u00dfen. Die Schr\u00e4ttela laufen entweder mit einem Korb, in dem S\u00fc\u00dfigkeiten f\u00fcr die Kinder sind, oder mit Neckscheren, die sie zu kleinen Sp\u00e4\u00dfen einsetzen.<\/span><\/p>\n<\/div>\n<p><span style=\"color: #000000;\">Zur<\/span> <a href=\"http:\/\/it-heina.de\/wp-content\/uploads\/2019\/11\/H\u00e4sordnung-Narrenzunft-Herbertingen-Stand-November-2019.pdf\" target=\"_blank\" rel=\"noopener noreferrer\">H\u00e4sordnung (PDF-Datei)<\/a><\/p>\n<p><span style=\"color: #000000;\"><strong>Ober-Schr\u00e4ttele<\/strong> (Stand: 23.01.2020):<\/span><br>\n<span style=\"color: #000000;\">Franziska Niederer, Marius Engenhardt und Bastian Wiese<\/span><\/p>\n\n<!-- wp:embed {\"url\":\"https:\/\/youtu.be\/UmdSAnX9E3s\",\"type\":\"video\",\"providerNameSlug\":\"youtube\",\"responsive\":true,\"className\":\"wp-embed-aspect-16-9 wp-has-aspect-ratio\"}--><div class=\"gridContainer\">\n<figure class=\"wp-block-embed is-type-video is-provider-youtube wp-block-embed-youtube wp-embed-aspect-16-9 wp-has-aspect-ratio\"><div class=\"wp-block-embed__wrapper\">\n<div class=\"embed-container\"><iframe loading=\"lazy\" title=\"Schr\u00e4ttele - H\u00e4svorstellung\" width=\"1778\" height=\"1000\" src=\"https:\/\/www.youtube.com\/embed\/UmdSAnX9E3s?feature=oembed\" frameborder=\"0\" allow=\"accelerometer; autoplay; clipboard-write; encrypted-media; gyroscope; picture-in-picture\" allowfullscreen><\/iframe><\/div>\n<\/div><\/figure>\n<\/div><!-- \/wp:embed-->\n\n<!-- wp:embed {\"url\":\"https:\/\/youtu.be\/W4RSJ8nP8Qo\",\"type\":\"video\",\"providerNameSlug\":\"youtube\",\"responsive\":true,\"className\":\"wp-embed-aspect-16-9 wp-has-aspect-ratio\"}--><div class=\"gridContainer\">\n<figure class=\"wp-block-embed is-type-video is-provider-youtube wp-block-embed-youtube wp-embed-aspect-16-9 wp-has-aspect-ratio\"><div class=\"wp-block-embed__wrapper\">\n<div class=\"embed-container\"><iframe loading=\"lazy\" title=\"Schr\u00e4tteletanz\" width=\"1778\" height=\"1000\" src=\"https:\/\/www.youtube.com\/embed\/W4RSJ8nP8Qo?feature=oembed\" frameborder=\"0\" allow=\"accelerometer; autoplay; clipboard-write; encrypted-media; gyroscope; picture-in-picture\" allowfullscreen><\/iframe><\/div>\n<\/div><\/figure>\n<\/div><!-- \/wp:embed-->","protected":false},"excerpt":{"rendered":"<p>Das Schr\u00e4ttele geht auf zwei \u00fcber\u00adlie\u00adfer\u00adte Geschichten zur\u00fcck: Eine Herbertinger Magd musste jede Nacht als Schr\u00e4ttele wandern. Als der Bauer fest\u00adstell\u00adte, dass die Magd jede Nacht das Haus verlie\u00df, stellte er sie zur Rede. Nach langem Z\u00f6gern gestand das M\u00e4dchen, dass sie die Wanderungen machen m\u00fcsse.&nbsp;Als der Bauer sie nach einer M\u00f6glichkeit fragte ihr&nbsp;zu&nbsp;\u2026<\/p>\n","protected":false},"author":1,"featured_media":0,"parent":0,"menu_order":0,"comment_status":"closed","ping_status":"open","template":"","meta":{"wp_typography_post_enhancements_disabled":false,"footnotes":""},"class_list":["post-43","page","type-page","status-publish","hentry"],"_links":{"self":[{"href":"https:\/\/it-heina.de\/index.php?rest_route=\/wp\/v2\/pages\/43","targetHints":{"allow":["GET"]}}],"collection":[{"href":"https:\/\/it-heina.de\/index.php?rest_route=\/wp\/v2\/pages"}],"about":[{"href":"https:\/\/it-heina.de\/index.php?rest_route=\/wp\/v2\/types\/page"}],"author":[{"embeddable":true,"href":"https:\/\/it-heina.de\/index.php?rest_route=\/wp\/v2\/users\/1"}],"replies":[{"embeddable":true,"href":"https:\/\/it-heina.de\/index.php?rest_route=%2Fwp%2Fv2%2Fcomments&post=43"}],"version-history":[{"count":11,"href":"https:\/\/it-heina.de\/index.php?rest_route=\/wp\/v2\/pages\/43\/revisions"}],"predecessor-version":[{"id":3048,"href":"https:\/\/it-heina.de\/index.php?rest_route=\/wp\/v2\/pages\/43\/revisions\/3048"}],"wp:attachment":[{"href":"https:\/\/it-heina.de\/index.php?rest_route=%2Fwp%2Fv2%2Fmedia&parent=43"}],"curies":[{"name":"wp","href":"https:\/\/api.w.org\/{rel}","templated":true}]}}