{"id":52,"date":"2013-11-24T15:32:44","date_gmt":"2013-11-24T13:32:44","guid":{"rendered":"http:\/\/5638626.swh.strato-hosting.eu\/wordpress_itheina\/?page_id=52"},"modified":"2020-11-07T16:48:53","modified_gmt":"2020-11-07T15:48:53","slug":"buettel","status":"publish","type":"page","link":"https:\/\/it-heina.de\/?page_id=52","title":{"rendered":"B\u00fcttel"},"content":{"rendered":"<!-- wp:columns--><div class=\"gridContainer\">\n<div class=\"wp-block-columns\"><!-- wp:column {\"width\":33.33}--><div class=\"gridContainer\">\n<div class=\"wp-block-column\" style=\"flex-basis:33.33%\"><!-- wp:image {\"id\":2438,\"width\":273,\"height\":512,\"sizeSlug\":\"large\"}--><div class=\"gridContainer\">\n<figure class=\"wp-block-image size-large is-resized\"><img loading=\"lazy\" decoding=\"async\" src=\"https:\/\/it-heina.de\/wp-content\/uploads\/2020\/11\/Buettel-545x1024.jpg\" alt class=\"wp-image-2438\" width=\"273\" height=\"512\" srcset=\"https:\/\/it-heina.de\/wp-content\/uploads\/2020\/11\/Buettel-545x1024.jpg 545w, https:\/\/it-heina.de\/wp-content\/uploads\/2020\/11\/Buettel-160x300.jpg 160w, https:\/\/it-heina.de\/wp-content\/uploads\/2020\/11\/Buettel-768x1443.jpg 768w, https:\/\/it-heina.de\/wp-content\/uploads\/2020\/11\/Buettel-817x1536.jpg 817w, https:\/\/it-heina.de\/wp-content\/uploads\/2020\/11\/Buettel-1090x2048.jpg 1090w, https:\/\/it-heina.de\/wp-content\/uploads\/2020\/11\/Buettel-1232x2315.jpg 1232w, https:\/\/it-heina.de\/wp-content\/uploads\/2020\/11\/Buettel-575x1080.jpg 575w, https:\/\/it-heina.de\/wp-content\/uploads\/2020\/11\/Buettel-scaled.jpg 1362w\" sizes=\"auto, (max-width: 273px) 100vw, 273px\"><\/figure>\n<\/div><!-- \/wp:image--><\/div>\n<\/div><!-- \/wp:column-->\n\n<!-- wp:column {\"width\":66.66}--><div class=\"gridContainer\">\n<div class=\"wp-block-column\" style=\"flex-basis:66.66%\"><!-- wp:paragraph {\"textColor\":\"black\",\"fontSize\":\"medium\"}--><div class=\"gridContainer\">\n<p class=\"has-black-color has-text-color has-medium-font-size\">Die Herbertinger Zunft hat zwei B\u00fcttel. Diese gehen der Zunft in den Umz\u00fcgen voran und l\u00e4uten sym\u00adbo\u00adlisch die Fasnet ein.<\/p>\n<\/div><!-- \/wp:paragraph-->\n\n<!-- wp:paragraph {\"textColor\":\"black\",\"fontSize\":\"medium\"}--><div class=\"gridContainer\">\n<p class=\"has-black-color has-text-color has-medium-font-size\">Das H\u00e4s des B\u00fcttels ist eine alte gr\u00fcne Polizeiuniform komplett mit M\u00fctze und Koppel. Am G\u00fcrtel h\u00e4ngt ein kleiner Dolch. In der Hand haben die B\u00fcttel die Schelle mit der sie die Fasnet einl\u00e4uten.<\/p>\n<\/div><!-- \/wp:paragraph--><\/div>\n<\/div><!-- \/wp:column--><\/div>\n<\/div><!-- \/wp:columns-->\n\n<!-- wp:paragraph--><div class=\"gridContainer\">\n<p><\/p>\n<\/div><!-- \/wp:paragraph-->","protected":false},"excerpt":{"rendered":"<p>Die Herbertinger Zunft hat zwei B\u00fcttel. Diese gehen der Zunft in den Umz\u00fcgen voran und l\u00e4uten sym\u00adbo\u00adlisch die Fasnet ein. Das H\u00e4s des B\u00fcttels ist eine alte gr\u00fcne Polizeiuniform komplett mit M\u00fctze und Koppel. Am G\u00fcrtel h\u00e4ngt ein kleiner Dolch. In der Hand haben die B\u00fcttel die Schelle mit der sie die Fasnet einl\u00e4uten.<\/p>\n","protected":false},"author":1,"featured_media":0,"parent":0,"menu_order":0,"comment_status":"closed","ping_status":"open","template":"","meta":{"wp_typography_post_enhancements_disabled":false,"footnotes":""},"class_list":["post-52","page","type-page","status-publish","hentry"],"_links":{"self":[{"href":"https:\/\/it-heina.de\/index.php?rest_route=\/wp\/v2\/pages\/52","targetHints":{"allow":["GET"]}}],"collection":[{"href":"https:\/\/it-heina.de\/index.php?rest_route=\/wp\/v2\/pages"}],"about":[{"href":"https:\/\/it-heina.de\/index.php?rest_route=\/wp\/v2\/types\/page"}],"author":[{"embeddable":true,"href":"https:\/\/it-heina.de\/index.php?rest_route=\/wp\/v2\/users\/1"}],"replies":[{"embeddable":true,"href":"https:\/\/it-heina.de\/index.php?rest_route=%2Fwp%2Fv2%2Fcomments&post=52"}],"version-history":[{"count":13,"href":"https:\/\/it-heina.de\/index.php?rest_route=\/wp\/v2\/pages\/52\/revisions"}],"predecessor-version":[{"id":2441,"href":"https:\/\/it-heina.de\/index.php?rest_route=\/wp\/v2\/pages\/52\/revisions\/2441"}],"wp:attachment":[{"href":"https:\/\/it-heina.de\/index.php?rest_route=%2Fwp%2Fv2%2Fmedia&parent=52"}],"curies":[{"name":"wp","href":"https:\/\/api.w.org\/{rel}","templated":true}]}}