{"id":55,"date":"2013-11-24T15:32:54","date_gmt":"2013-11-24T13:32:54","guid":{"rendered":"http:\/\/5638626.swh.strato-hosting.eu\/wordpress_itheina\/?page_id=55"},"modified":"2021-02-18T09:39:22","modified_gmt":"2021-02-18T08:39:22","slug":"strohbutzen","status":"publish","type":"page","link":"https:\/\/it-heina.de\/?page_id=55","title":{"rendered":"Strohbutzen"},"content":{"rendered":"<p><a style=\"display: inline !important;\" href=\"https:\/\/it-heina.de\/wp-content\/uploads\/2013\/11\/ScheerWARNACK06.jpg\"><img loading=\"lazy\" decoding=\"async\" class=\"wp-image-32 aligncenter\" src=\"https:\/\/it-heina.de\/wp-content\/uploads\/2013\/11\/ScheerWARNACK06-1024x682.jpg\" alt width=\"404\" height=\"269\"><\/a><\/p>\n<p><span style=\"color: #000000;\"><strong>Strohbutz<\/strong><\/span><\/p>\n<p style=\"text-align: left;\"><span style=\"color: #000000;\">Der Strohbutz ist die \u00e4lteste Herbertinger Fasnetsfigur. Er geht auf den Brauch zur\u00fcck, da\u00df Kinder, in Stroh ein\u00adge\u00adwi\u00adckelt, von Haus zu Haus gingen und Fasnetsgeld sammelten. Die Kinder sagten dabei ein kleines Verslein auf:<\/span><\/p>\n<p><span style=\"color: #000000;\"><a style=\"color: #000000;\" href=\"https:\/\/it-heina.de\/wp-content\/uploads\/2013\/11\/spruechle.gif\"><img loading=\"lazy\" decoding=\"async\" class=\"size-full wp-image-170 aligncenter\" src=\"https:\/\/it-heina.de\/wp-content\/uploads\/2013\/11\/spruechle.gif\" alt width=\"308\" height=\"106\"><\/a><\/span><\/p>\n<p><span style=\"color: #000000;\">Der Strohbutz hat eine freund\u00adlich lachende Maske. Das H\u00e4s ist ein kom\u00adplet\u00adter Anzug, der mit Bast als Symbol f\u00fcr Stroh ben\u00e4ht ist. Er tr\u00e4gt einen gro\u00dfen Schlapphut, ebenfalls mit Bast und mit einem Fuchsschwanz. In der Hand h\u00e4lt der Strohbutz eine Gei\u00dfel mit Saubl\u00e5tern.<\/span><\/p>\n<p><span style=\"color: #000000;\">Zur<\/span> <a href=\"http:\/\/it-heina.de\/wp-content\/uploads\/2019\/11\/H\u00e4sordnung-Narrenzunft-Herbertingen-Stand-November-2019.pdf\" target=\"_blank\" rel=\"noopener noreferrer\">H\u00e4sordnung (PDF-Datei)<\/a><\/p>\n<p><span style=\"color: #000000;\"><strong>Oberbutz<\/strong> (Stand Januar 2020): Frank Reiner und Manuel Schien<\/span><\/p>\n\n<!-- wp:embed {\"url\":\"https:\/\/youtu.be\/u9zWKj7N-EM\",\"type\":\"video\",\"providerNameSlug\":\"youtube\",\"responsive\":true,\"className\":\"wp-embed-aspect-16-9 wp-has-aspect-ratio\"}--><div class=\"gridContainer\">\n<figure class=\"wp-block-embed is-type-video is-provider-youtube wp-block-embed-youtube wp-embed-aspect-16-9 wp-has-aspect-ratio\"><div class=\"wp-block-embed__wrapper\">\n<div class=\"embed-container\"><iframe loading=\"lazy\" title=\"Strohbutz - H\u00e4svorstellung\" width=\"1778\" height=\"1000\" src=\"https:\/\/www.youtube.com\/embed\/u9zWKj7N-EM?feature=oembed\" frameborder=\"0\" allow=\"accelerometer; autoplay; clipboard-write; encrypted-media; gyroscope; picture-in-picture\" allowfullscreen><\/iframe><\/div>\n<\/div><\/figure>\n<\/div><!-- \/wp:embed-->\n\n<!-- wp:embed {\"url\":\"https:\/\/youtu.be\/4KOLgiVYDKY\",\"type\":\"video\",\"providerNameSlug\":\"youtube\",\"responsive\":true,\"className\":\"wp-embed-aspect-16-9 wp-has-aspect-ratio\"}--><div class=\"gridContainer\">\n<figure class=\"wp-block-embed is-type-video is-provider-youtube wp-block-embed-youtube wp-embed-aspect-16-9 wp-has-aspect-ratio\"><div class=\"wp-block-embed__wrapper\">\n<div class=\"embed-container\"><iframe loading=\"lazy\" title=\"Strohbutzentanz\" width=\"1778\" height=\"1000\" src=\"https:\/\/www.youtube.com\/embed\/4KOLgiVYDKY?feature=oembed\" frameborder=\"0\" allow=\"accelerometer; autoplay; clipboard-write; encrypted-media; gyroscope; picture-in-picture\" allowfullscreen><\/iframe><\/div>\n<\/div><\/figure>\n<\/div><!-- \/wp:embed-->","protected":false},"excerpt":{"rendered":"<p>Strohbutz Der Strohbutz ist die \u00e4lteste Herbertinger Fasnetsfigur. Er geht auf den Brauch zur\u00fcck, da\u00df Kinder, in Stroh ein\u00adge\u00adwi\u00adckelt, von Haus zu Haus gingen und Fasnetsgeld sammelten. Die Kinder sagten dabei ein kleines Verslein auf: Der Strohbutz hat eine freund\u00adlich lachende Maske. Das H\u00e4s ist ein kom\u00adplet\u00adter Anzug, der mit Bast als Symbol f\u00fcr&nbsp;Stroh&nbsp;\u2026<\/p>\n","protected":false},"author":1,"featured_media":0,"parent":0,"menu_order":0,"comment_status":"closed","ping_status":"open","template":"","meta":{"wp_typography_post_enhancements_disabled":false,"footnotes":""},"class_list":["post-55","page","type-page","status-publish","hentry"],"_links":{"self":[{"href":"https:\/\/it-heina.de\/index.php?rest_route=\/wp\/v2\/pages\/55","targetHints":{"allow":["GET"]}}],"collection":[{"href":"https:\/\/it-heina.de\/index.php?rest_route=\/wp\/v2\/pages"}],"about":[{"href":"https:\/\/it-heina.de\/index.php?rest_route=\/wp\/v2\/types\/page"}],"author":[{"embeddable":true,"href":"https:\/\/it-heina.de\/index.php?rest_route=\/wp\/v2\/users\/1"}],"replies":[{"embeddable":true,"href":"https:\/\/it-heina.de\/index.php?rest_route=%2Fwp%2Fv2%2Fcomments&post=55"}],"version-history":[{"count":14,"href":"https:\/\/it-heina.de\/index.php?rest_route=\/wp\/v2\/pages\/55\/revisions"}],"predecessor-version":[{"id":3049,"href":"https:\/\/it-heina.de\/index.php?rest_route=\/wp\/v2\/pages\/55\/revisions\/3049"}],"wp:attachment":[{"href":"https:\/\/it-heina.de\/index.php?rest_route=%2Fwp%2Fv2%2Fmedia&parent=55"}],"curies":[{"name":"wp","href":"https:\/\/api.w.org\/{rel}","templated":true}]}}