{"id":58,"date":"2013-11-24T15:33:10","date_gmt":"2013-11-24T13:33:10","guid":{"rendered":"http:\/\/5638626.swh.strato-hosting.eu\/wordpress_itheina\/?page_id=58"},"modified":"2021-11-11T16:53:18","modified_gmt":"2021-11-11T15:53:18","slug":"weckenzwinger-2","status":"publish","type":"page","link":"https:\/\/it-heina.de\/?page_id=58","title":{"rendered":"Weckenzwinger"},"content":{"rendered":"<p style=\"text-align: justify;\"><a style=\"display: inline !important;\" href=\"https:\/\/it-heina.de\/wp-content\/uploads\/2013\/11\/HerbUmzug08.jpg\"><img loading=\"lazy\" decoding=\"async\" class=\"wp-image-35 aligncenter\" src=\"https:\/\/it-heina.de\/wp-content\/uploads\/2013\/11\/HerbUmzug08-1024x639.jpg\" alt width=\"399\" height=\"250\" srcset=\"https:\/\/it-heina.de\/wp-content\/uploads\/2013\/11\/HerbUmzug08-1024x639.jpg 1024w, https:\/\/it-heina.de\/wp-content\/uploads\/2013\/11\/HerbUmzug08-300x187.jpg 300w, https:\/\/it-heina.de\/wp-content\/uploads\/2013\/11\/HerbUmzug08-624x389.jpg 624w, https:\/\/it-heina.de\/wp-content\/uploads\/2013\/11\/HerbUmzug08.jpg 1907w\" sizes=\"auto, (max-width: 399px) 100vw, 399px\"><\/a><\/p>\n<p><span style=\"color: #000000;\"><strong>Weckenzwinger<\/strong><\/span><\/p>\n<p style=\"text-align: justify;\"><span style=\"color: #000000;\">Der Name \u201eHerbertinger Weckazwinger\u201c kam um die Jahrhundertwende auf. Damals wurden noch die soge\u00adnann\u00adten Bittg\u00e4nge abge\u00adhal\u00adten, d.h. die kirch\u00adli\u00adchen Gemeinden besuchten sich gegen\u00adsei\u00adtig in Bittprozessionen, die \u00fcber Felder und Fluren gingen und den Segen Gottes erbaten. Voran wurde das Kreuz getragen, dann folgte der Pfarrer mit den Ministranten und abschlie\u00ad\u00dfend kamen die Bittg\u00e4nger. Nat\u00fcrlich bekamen die Bittg\u00e4nger bei diesen langen G\u00e4ngen, die sich z.T. \u00fcber 10 bis 15 Kilometer erstreck\u00adten, auch Hunger und&nbsp;Durst.<\/span><\/p>\n<p style=\"text-align: justify;\"><span style=\"color: #000000;\">Deshalb standen vor den Kirchen Marktweiber, die Wecken feilboten. Der Sage nach war es so, dass wenn die Nachbargemeinden nach Herbertingen kamen, Wecken und Brot aus\u00adreich\u00adten. Wenn aber die Herbertinger ihre Nachbarn besuchten, war immer zu wenig Brot und Wecken vorhanden und mussten sogar \u2013 das behaupten jeden\u00adfalls b\u00f6se Zungen \u2013 nach\u00adge\u00adba\u00adcken werden.<\/span><\/p>\n<p style=\"text-align: justify;\"><span style=\"color: #000000;\">Der \u201eWeckazwinger\u201c ist ein Wei\u00df-Narr. Die Maske zeigt ein freund\u00adli\u00adches Gesicht und hat eine angen\u00e4hte Zipfelm\u00fctze. Er hat ein \u201eH\u00e4s\u201c aus Stoff, das mit l\u00e4nd\u00adli\u00adchen Motiven bemalt ist. Sowohl am \u201eGoller\u201c aus Leder wie auch am \u201eH\u00e4s\u201c sind kleine Holzwecken befestigt. Er tr\u00e4gt einen Schellenstock mit&nbsp;sich.<\/span><\/p>\n<p><span style=\"color: #000000;\">Zur<\/span> <a href=\"http:\/\/it-heina.de\/wp-content\/uploads\/2019\/11\/H\u00e4sordnung-Narrenzunft-Herbertingen-Stand-November-2019.pdf\" target=\"_blank\" rel=\"noopener noreferrer\">H\u00e4sordnung (PDF-Datei)<\/a><\/p>\n<p><span style=\"color: #000000;\"><strong>Ober-Weckenzwinger<\/strong> (Stand: 17.01.2020): Anja Ritter&nbsp;<\/span><\/p>\n\n<!-- wp:embed {\"url\":\"https:\/\/youtu.be\/W44VnsLaIxc\",\"type\":\"video\",\"providerNameSlug\":\"youtube\",\"responsive\":true,\"className\":\"wp-embed-aspect-16-9 wp-has-aspect-ratio\"}--><div class=\"gridContainer\">\n<figure class=\"wp-block-embed is-type-video is-provider-youtube wp-block-embed-youtube wp-embed-aspect-16-9 wp-has-aspect-ratio\"><div class=\"wp-block-embed__wrapper\">\n<div class=\"embed-container\"><iframe loading=\"lazy\" title=\"Weckenzwinger - H\u00e4svorstellung\" width=\"1778\" height=\"1000\" src=\"https:\/\/www.youtube.com\/embed\/W44VnsLaIxc?feature=oembed\" frameborder=\"0\" allow=\"accelerometer; autoplay; clipboard-write; encrypted-media; gyroscope; picture-in-picture\" allowfullscreen><\/iframe><\/div>\n<\/div><\/figure>\n<\/div><!-- \/wp:embed-->\n\n<!-- wp:embed {\"url\":\"https:\/\/youtu.be\/Yh-TcGAF2i8\",\"type\":\"video\",\"providerNameSlug\":\"youtube\",\"responsive\":true,\"className\":\"wp-embed-aspect-16-9 wp-has-aspect-ratio\"}--><div class=\"gridContainer\">\n<figure class=\"wp-block-embed is-type-video is-provider-youtube wp-block-embed-youtube wp-embed-aspect-16-9 wp-has-aspect-ratio\"><div class=\"wp-block-embed__wrapper\">\n<div class=\"embed-container\"><iframe loading=\"lazy\" title=\"Weckenzwingertanz\" width=\"1778\" height=\"1000\" src=\"https:\/\/www.youtube.com\/embed\/Yh-TcGAF2i8?feature=oembed\" frameborder=\"0\" allow=\"accelerometer; autoplay; clipboard-write; encrypted-media; gyroscope; picture-in-picture\" allowfullscreen><\/iframe><\/div>\n<\/div><\/figure>\n<\/div><!-- \/wp:embed-->","protected":false},"excerpt":{"rendered":"<p>Weckenzwinger Der Name \u201eHerbertinger Weckazwinger\u201c kam um die Jahrhundertwende auf. Damals wurden noch die soge\u00adnann\u00adten Bittg\u00e4nge abge\u00adhal\u00adten, d.h. die kirch\u00adli\u00adchen Gemeinden besuchten sich gegen\u00adsei\u00adtig in Bittprozessionen, die \u00fcber Felder und Fluren gingen und den Segen Gottes erbaten. Voran wurde das Kreuz getragen, dann folgte der Pfarrer mit den Ministranten und abschlie\u00ad\u00dfend kamen die Bittg\u00e4nger. Nat\u00fcrlich&nbsp;\u2026<\/p>\n","protected":false},"author":1,"featured_media":0,"parent":0,"menu_order":0,"comment_status":"closed","ping_status":"open","template":"","meta":{"wp_typography_post_enhancements_disabled":false,"footnotes":""},"class_list":["post-58","page","type-page","status-publish","hentry"],"_links":{"self":[{"href":"https:\/\/it-heina.de\/index.php?rest_route=\/wp\/v2\/pages\/58","targetHints":{"allow":["GET"]}}],"collection":[{"href":"https:\/\/it-heina.de\/index.php?rest_route=\/wp\/v2\/pages"}],"about":[{"href":"https:\/\/it-heina.de\/index.php?rest_route=\/wp\/v2\/types\/page"}],"author":[{"embeddable":true,"href":"https:\/\/it-heina.de\/index.php?rest_route=\/wp\/v2\/users\/1"}],"replies":[{"embeddable":true,"href":"https:\/\/it-heina.de\/index.php?rest_route=%2Fwp%2Fv2%2Fcomments&post=58"}],"version-history":[{"count":20,"href":"https:\/\/it-heina.de\/index.php?rest_route=\/wp\/v2\/pages\/58\/revisions"}],"predecessor-version":[{"id":3230,"href":"https:\/\/it-heina.de\/index.php?rest_route=\/wp\/v2\/pages\/58\/revisions\/3230"}],"wp:attachment":[{"href":"https:\/\/it-heina.de\/index.php?rest_route=%2Fwp%2Fv2%2Fmedia&parent=58"}],"curies":[{"name":"wp","href":"https:\/\/api.w.org\/{rel}","templated":true}]}}